{"id":42679,"date":"2021-10-12T11:29:11","date_gmt":"2021-10-12T09:29:11","guid":{"rendered":"https:\/\/ircad.fr\/ircad-rio\/"},"modified":"2022-03-15T08:59:54","modified_gmt":"2022-03-15T07:59:54","slug":"ircad-rio","status":"publish","type":"page","link":"https:\/\/wp.ircad.net\/fr\/linstitut\/centres-ircad-dans-le-monde\/ircad-rio\/","title":{"rendered":"IRCAD Rio"},"content":{"rendered":"\t\t<div data-elementor-type=\"wp-page\" data-elementor-id=\"42679\" class=\"elementor elementor-42679 elementor-10371\" data-elementor-post-type=\"page\">\n\t\t\t\t\t\t<section class=\"elementor-section elementor-top-section elementor-element elementor-element-2a243720 elementor-section-boxed elementor-section-height-default elementor-section-height-default\" data-id=\"2a243720\" data-element_type=\"section\" data-e-type=\"section\">\n\t\t\t\t\t\t<div class=\"elementor-container elementor-column-gap-default\">\n\t\t\t\t\t<div class=\"elementor-column elementor-col-100 elementor-top-column elementor-element elementor-element-440c29e2\" data-id=\"440c29e2\" data-element_type=\"column\" data-e-type=\"column\">\n\t\t\t<div class=\"elementor-widget-wrap elementor-element-populated\">\n\t\t\t\t\t\t<div class=\"elementor-element elementor-element-136e0d87 elementor-widget elementor-widget-dce-breadcrumbs\" data-id=\"136e0d87\" data-element_type=\"widget\" data-e-type=\"widget\" data-widget_type=\"dce-breadcrumbs.default\">\n\t\t\t\t<div class=\"elementor-widget-container\">\n\t\t\t\t\t<div><span><span><a href=\"https:\/\/wp.ircad.net\/fr\/page-daccueil-de-lircad-centre-de-formation-en-chirurgie-mini-invasive\/\">Home<\/a><\/span><\/span><\/div>\t\t\t\t<\/div>\n\t\t\t\t<\/div>\n\t\t\t\t<div class=\"elementor-element elementor-element-3640496c elementor-widget-divider--view-line elementor-widget elementor-widget-divider\" data-id=\"3640496c\" data-element_type=\"widget\" data-e-type=\"widget\" data-widget_type=\"divider.default\">\n\t\t\t\t<div class=\"elementor-widget-container\">\n\t\t\t\t\t\t\t<div class=\"elementor-divider\">\n\t\t\t<span class=\"elementor-divider-separator\">\n\t\t\t\t\t\t<\/span>\n\t\t<\/div>\n\t\t\t\t\t\t<\/div>\n\t\t\t\t<\/div>\n\t\t\t\t\t<\/div>\n\t\t<\/div>\n\t\t\t\t\t<\/div>\n\t\t<\/section>\n\t\t\t\t<section class=\"elementor-section elementor-top-section elementor-element elementor-element-335b7f6 elementor-section-boxed elementor-section-height-default elementor-section-height-default\" data-id=\"335b7f6\" data-element_type=\"section\" data-e-type=\"section\">\n\t\t\t\t\t\t<div class=\"elementor-container elementor-column-gap-default\">\n\t\t\t\t\t<div class=\"elementor-column elementor-col-100 elementor-top-column elementor-element elementor-element-a7d7cc9\" data-id=\"a7d7cc9\" data-element_type=\"column\" data-e-type=\"column\">\n\t\t\t<div class=\"elementor-widget-wrap elementor-element-populated\">\n\t\t\t\t\t\t<div class=\"elementor-element elementor-element-62b7ade elementor-widget elementor-widget-html\" data-id=\"62b7ade\" data-element_type=\"widget\" data-e-type=\"widget\" data-widget_type=\"html.default\">\n\t\t\t\t<div class=\"elementor-widget-container\">\n\t\t\t\t\t<div class=\"vimeo_player vimeo_single_page\" videoid=\"687955331\" title=\"0\" byline=0 portrait=0 width=\"100%\" height=\"100%\"><\/div>\r\n\r\n<div class=\"video_header_single_page\">\r\n    \r\n<\/div>\t\t\t\t<\/div>\n\t\t\t\t<\/div>\n\t\t\t\t\t<\/div>\n\t\t<\/div>\n\t\t\t\t\t<\/div>\n\t\t<\/section>\n\t\t\t\t<section class=\"elementor-section elementor-top-section elementor-element elementor-element-4b023b6 elementor-section-full_width elementor-section-height-default elementor-section-height-default\" data-id=\"4b023b6\" data-element_type=\"section\" data-e-type=\"section\">\n\t\t\t\t\t\t<div class=\"elementor-container elementor-column-gap-default\">\n\t\t\t\t\t<div class=\"elementor-column elementor-col-100 elementor-top-column elementor-element elementor-element-5352d81\" data-id=\"5352d81\" data-element_type=\"column\" data-e-type=\"column\">\n\t\t\t<div class=\"elementor-widget-wrap elementor-element-populated\">\n\t\t\t\t\t\t<div class=\"elementor-element elementor-element-9c8a3bf elementor-widget elementor-widget-gallery\" data-id=\"9c8a3bf\" data-element_type=\"widget\" data-e-type=\"widget\" data-settings=\"{&quot;gallery_layout&quot;:&quot;masonry&quot;,&quot;columns&quot;:3,&quot;lazyload&quot;:&quot;yes&quot;,&quot;columns_tablet&quot;:2,&quot;columns_mobile&quot;:1,&quot;gap&quot;:{&quot;unit&quot;:&quot;px&quot;,&quot;size&quot;:10,&quot;sizes&quot;:[]},&quot;gap_tablet&quot;:{&quot;unit&quot;:&quot;px&quot;,&quot;size&quot;:10,&quot;sizes&quot;:[]},&quot;gap_mobile&quot;:{&quot;unit&quot;:&quot;px&quot;,&quot;size&quot;:10,&quot;sizes&quot;:[]},&quot;link_to&quot;:&quot;file&quot;,&quot;overlay_background&quot;:&quot;yes&quot;,&quot;content_hover_animation&quot;:&quot;fade-in&quot;}\" data-widget_type=\"gallery.default\">\n\t\t\t\t<div class=\"elementor-widget-container\">\n\t\t\t\t\t\t\t<div class=\"elementor-gallery__container\">\n\t\t\t\t\t\t\t<a class=\"e-gallery-item elementor-gallery-item elementor-animated-content\" href=\"https:\/\/wp.ircad.net\/wp-content\/uploads\/IRCAD-Br\u00e9sil-Rio-de-janeiro--scaled.jpg\" data-elementor-open-lightbox=\"yes\" data-elementor-lightbox-slideshow=\"9c8a3bf\" data-elementor-lightbox-title=\"IRCAD Br\u00e9sil Rio de janeiro\" data-e-action-hash=\"#elementor-action%3Aaction%3Dlightbox%26settings%3DeyJpZCI6OTcxOCwidXJsIjoiaHR0cHM6XC9cL3dwLmlyY2FkLm5ldFwvd3AtY29udGVudFwvdXBsb2Fkc1wvSVJDQUQtQnJcdTAwZTlzaWwtUmlvLWRlLWphbmVpcm8tLXNjYWxlZC5qcGciLCJzbGlkZXNob3ciOiI5YzhhM2JmIn0%3D\">\n\t\t\t\t\t<div class=\"e-gallery-image elementor-gallery-item__image\" data-thumbnail=\"https:\/\/wp.ircad.net\/wp-content\/uploads\/IRCAD-Br\u00e9sil-Rio-de-janeiro--768x512.jpg\" data-width=\"768\" data-height=\"512\" aria-label=\"\" role=\"img\" ><\/div>\n\t\t\t\t\t\t\t\t\t\t\t<div class=\"elementor-gallery-item__overlay\"><\/div>\n\t\t\t\t\t\t\t\t\t\t\t\t\t\t<\/a>\n\t\t\t\t\t\t\t<a class=\"e-gallery-item elementor-gallery-item elementor-animated-content\" href=\"https:\/\/wp.ircad.net\/wp-content\/uploads\/Laboratorio-1-Ircad-scaled.jpg\" data-elementor-open-lightbox=\"yes\" data-elementor-lightbox-slideshow=\"9c8a3bf\" data-elementor-lightbox-title=\"Laboratorio-1 Ircad\" data-e-action-hash=\"#elementor-action%3Aaction%3Dlightbox%26settings%3DeyJpZCI6OTcxOSwidXJsIjoiaHR0cHM6XC9cL3dwLmlyY2FkLm5ldFwvd3AtY29udGVudFwvdXBsb2Fkc1wvTGFib3JhdG9yaW8tMS1JcmNhZC1zY2FsZWQuanBnIiwic2xpZGVzaG93IjoiOWM4YTNiZiJ9\">\n\t\t\t\t\t<div class=\"e-gallery-image elementor-gallery-item__image\" data-thumbnail=\"https:\/\/wp.ircad.net\/wp-content\/uploads\/Laboratorio-1-Ircad-768x513.jpg\" data-width=\"768\" data-height=\"513\" aria-label=\"\" role=\"img\" ><\/div>\n\t\t\t\t\t\t\t\t\t\t\t<div class=\"elementor-gallery-item__overlay\"><\/div>\n\t\t\t\t\t\t\t\t\t\t\t\t\t\t<\/a>\n\t\t\t\t\t\t\t<a class=\"e-gallery-item elementor-gallery-item elementor-animated-content\" href=\"https:\/\/wp.ircad.net\/wp-content\/uploads\/Laboratorio-2-scaled.jpg\" data-elementor-open-lightbox=\"yes\" data-elementor-lightbox-slideshow=\"9c8a3bf\" data-elementor-lightbox-title=\"Laboratorio-2\" data-e-action-hash=\"#elementor-action%3Aaction%3Dlightbox%26settings%3DeyJpZCI6OTcyMSwidXJsIjoiaHR0cHM6XC9cL3dwLmlyY2FkLm5ldFwvd3AtY29udGVudFwvdXBsb2Fkc1wvTGFib3JhdG9yaW8tMi1zY2FsZWQuanBnIiwic2xpZGVzaG93IjoiOWM4YTNiZiJ9\">\n\t\t\t\t\t<div class=\"e-gallery-image elementor-gallery-item__image\" data-thumbnail=\"https:\/\/wp.ircad.net\/wp-content\/uploads\/Laboratorio-2-768x513.jpg\" data-width=\"768\" data-height=\"513\" aria-label=\"\" role=\"img\" ><\/div>\n\t\t\t\t\t\t\t\t\t\t\t<div class=\"elementor-gallery-item__overlay\"><\/div>\n\t\t\t\t\t\t\t\t\t\t\t\t\t\t<\/a>\n\t\t\t\t\t<\/div>\n\t\t\t\t\t<\/div>\n\t\t\t\t<\/div>\n\t\t\t\t\t<\/div>\n\t\t<\/div>\n\t\t\t\t\t<\/div>\n\t\t<\/section>\n\t\t\t\t<\/div>\n\t\t","protected":false},"excerpt":{"rendered":"<p>Home<\/p>\n","protected":false},"author":6,"featured_media":0,"parent":43032,"menu_order":0,"comment_status":"closed","ping_status":"closed","template":"","meta":{"_acf_changed":false,"footnotes":""},"class_list":["post-42679","page","type-page","status-publish","hentry"],"acf":[],"yoast_head":"<!-- This site is optimized with the Yoast SEO plugin v27.3 - https:\/\/yoast.com\/product\/yoast-seo-wordpress\/ -->\n<title>IRCAD Rio - IRCAD<\/title>\n<meta name=\"description\" content=\"Un troisi\u00e8me institut miroir a ouvert en juin 2017 \u00e0 Rio de Janeiro, au Br\u00e9sil, gr\u00e2ce au partenariat avec United Health et son ancien PDG Edson Bueno.\" \/>\n<meta name=\"robots\" content=\"noindex, follow, max-snippet:-1, max-image-preview:large, max-video-preview:-1\" \/>\n<meta property=\"og:locale\" content=\"fr_FR\" \/>\n<meta property=\"og:type\" content=\"article\" \/>\n<meta property=\"og:title\" content=\"IRCAD Rio - IRCAD\" \/>\n<meta property=\"og:description\" content=\"Un troisi\u00e8me institut miroir a ouvert en juin 2017 \u00e0 Rio de Janeiro, au Br\u00e9sil, gr\u00e2ce au partenariat avec United Health et son ancien PDG Edson Bueno.\" \/>\n<meta property=\"og:url\" content=\"https:\/\/wp.ircad.net\/fr\/linstitut\/centres-ircad-dans-le-monde\/ircad-rio\/\" \/>\n<meta property=\"og:site_name\" content=\"IRCAD\" \/>\n<meta property=\"article:publisher\" content=\"https:\/\/www.facebook.com\/IrcadFrance\" \/>\n<meta property=\"article:modified_time\" content=\"2022-03-15T07:59:54+00:00\" \/>\n<meta name=\"twitter:card\" content=\"summary_large_image\" \/>\n<meta name=\"twitter:site\" content=\"@IrcadFrance\" \/>\n<script type=\"application\/ld+json\" class=\"yoast-schema-graph\">{\"@context\":\"https:\\\/\\\/schema.org\",\"@graph\":[{\"@type\":\"WebPage\",\"@id\":\"https:\\\/\\\/wp.ircad.net\\\/fr\\\/linstitut\\\/centres-ircad-dans-le-monde\\\/ircad-rio\\\/\",\"url\":\"https:\\\/\\\/wp.ircad.net\\\/fr\\\/linstitut\\\/centres-ircad-dans-le-monde\\\/ircad-rio\\\/\",\"name\":\"IRCAD Rio - IRCAD\",\"isPartOf\":{\"@id\":\"https:\\\/\\\/wp.ircad.net\\\/#website\"},\"datePublished\":\"2021-10-12T09:29:11+00:00\",\"dateModified\":\"2022-03-15T07:59:54+00:00\",\"description\":\"Un troisi\u00e8me institut miroir a ouvert en juin 2017 \u00e0 Rio de Janeiro, au Br\u00e9sil, gr\u00e2ce au partenariat avec United Health et son ancien PDG Edson Bueno.\",\"breadcrumb\":{\"@id\":\"https:\\\/\\\/wp.ircad.net\\\/fr\\\/linstitut\\\/centres-ircad-dans-le-monde\\\/ircad-rio\\\/#breadcrumb\"},\"inLanguage\":\"fr-FR\",\"potentialAction\":[{\"@type\":\"ReadAction\",\"target\":[\"https:\\\/\\\/wp.ircad.net\\\/fr\\\/linstitut\\\/centres-ircad-dans-le-monde\\\/ircad-rio\\\/\"]}]},{\"@type\":\"BreadcrumbList\",\"@id\":\"https:\\\/\\\/wp.ircad.net\\\/fr\\\/linstitut\\\/centres-ircad-dans-le-monde\\\/ircad-rio\\\/#breadcrumb\",\"itemListElement\":[{\"@type\":\"ListItem\",\"position\":1,\"name\":\"Home\",\"item\":\"https:\\\/\\\/wp.ircad.net\\\/fr\\\/page-daccueil-de-lircad-centre-de-formation-en-chirurgie-mini-invasive\\\/\"},{\"@type\":\"ListItem\",\"position\":2,\"name\":\"L&rsquo;institut\",\"item\":\"https:\\\/\\\/wp.ircad.net\\\/fr\\\/?page_id=42985\"},{\"@type\":\"ListItem\",\"position\":3,\"name\":\"IRCAD dans le monde\",\"item\":\"https:\\\/\\\/wp.ircad.net\\\/fr\\\/linstitut\\\/centres-ircad-dans-le-monde\\\/\"},{\"@type\":\"ListItem\",\"position\":4,\"name\":\"IRCAD Rio\"}]},{\"@type\":\"WebSite\",\"@id\":\"https:\\\/\\\/wp.ircad.net\\\/#website\",\"url\":\"https:\\\/\\\/wp.ircad.net\\\/\",\"name\":\"IRCAD - Laparoscopic training center\",\"description\":\"There is no better way to learn\",\"potentialAction\":[{\"@type\":\"SearchAction\",\"target\":{\"@type\":\"EntryPoint\",\"urlTemplate\":\"https:\\\/\\\/wp.ircad.net\\\/?s={search_term_string}\"},\"query-input\":{\"@type\":\"PropertyValueSpecification\",\"valueRequired\":true,\"valueName\":\"search_term_string\"}}],\"inLanguage\":\"fr-FR\"}]}<\/script>\n<!-- \/ Yoast SEO plugin. -->","yoast_head_json":{"title":"IRCAD Rio - IRCAD","description":"Un troisi\u00e8me institut miroir a ouvert en juin 2017 \u00e0 Rio de Janeiro, au Br\u00e9sil, gr\u00e2ce au partenariat avec United Health et son ancien PDG Edson Bueno.","robots":{"index":"noindex","follow":"follow","max-snippet":"max-snippet:-1","max-image-preview":"max-image-preview:large","max-video-preview":"max-video-preview:-1"},"og_locale":"fr_FR","og_type":"article","og_title":"IRCAD Rio - IRCAD","og_description":"Un troisi\u00e8me institut miroir a ouvert en juin 2017 \u00e0 Rio de Janeiro, au Br\u00e9sil, gr\u00e2ce au partenariat avec United Health et son ancien PDG Edson Bueno.","og_url":"https:\/\/wp.ircad.net\/fr\/linstitut\/centres-ircad-dans-le-monde\/ircad-rio\/","og_site_name":"IRCAD","article_publisher":"https:\/\/www.facebook.com\/IrcadFrance","article_modified_time":"2022-03-15T07:59:54+00:00","twitter_card":"summary_large_image","twitter_site":"@IrcadFrance","schema":{"@context":"https:\/\/schema.org","@graph":[{"@type":"WebPage","@id":"https:\/\/wp.ircad.net\/fr\/linstitut\/centres-ircad-dans-le-monde\/ircad-rio\/","url":"https:\/\/wp.ircad.net\/fr\/linstitut\/centres-ircad-dans-le-monde\/ircad-rio\/","name":"IRCAD Rio - IRCAD","isPartOf":{"@id":"https:\/\/wp.ircad.net\/#website"},"datePublished":"2021-10-12T09:29:11+00:00","dateModified":"2022-03-15T07:59:54+00:00","description":"Un troisi\u00e8me institut miroir a ouvert en juin 2017 \u00e0 Rio de Janeiro, au Br\u00e9sil, gr\u00e2ce au partenariat avec United Health et son ancien PDG Edson Bueno.","breadcrumb":{"@id":"https:\/\/wp.ircad.net\/fr\/linstitut\/centres-ircad-dans-le-monde\/ircad-rio\/#breadcrumb"},"inLanguage":"fr-FR","potentialAction":[{"@type":"ReadAction","target":["https:\/\/wp.ircad.net\/fr\/linstitut\/centres-ircad-dans-le-monde\/ircad-rio\/"]}]},{"@type":"BreadcrumbList","@id":"https:\/\/wp.ircad.net\/fr\/linstitut\/centres-ircad-dans-le-monde\/ircad-rio\/#breadcrumb","itemListElement":[{"@type":"ListItem","position":1,"name":"Home","item":"https:\/\/wp.ircad.net\/fr\/page-daccueil-de-lircad-centre-de-formation-en-chirurgie-mini-invasive\/"},{"@type":"ListItem","position":2,"name":"L&rsquo;institut","item":"https:\/\/wp.ircad.net\/fr\/?page_id=42985"},{"@type":"ListItem","position":3,"name":"IRCAD dans le monde","item":"https:\/\/wp.ircad.net\/fr\/linstitut\/centres-ircad-dans-le-monde\/"},{"@type":"ListItem","position":4,"name":"IRCAD Rio"}]},{"@type":"WebSite","@id":"https:\/\/wp.ircad.net\/#website","url":"https:\/\/wp.ircad.net\/","name":"IRCAD - Laparoscopic training center","description":"There is no better way to learn","potentialAction":[{"@type":"SearchAction","target":{"@type":"EntryPoint","urlTemplate":"https:\/\/wp.ircad.net\/?s={search_term_string}"},"query-input":{"@type":"PropertyValueSpecification","valueRequired":true,"valueName":"search_term_string"}}],"inLanguage":"fr-FR"}]}},"publishpress_future_action":{"enabled":false,"date":"2026-04-27 14:32:48","action":"change-status","newStatus":"draft","terms":[],"taxonomy":"translation_priority","extraData":[]},"publishpress_future_workflow_manual_trigger":{"enabledWorkflows":[]},"_links":{"self":[{"href":"https:\/\/wp.ircad.net\/fr\/wp-json\/wp\/v2\/pages\/42679","targetHints":{"allow":["GET"]}}],"collection":[{"href":"https:\/\/wp.ircad.net\/fr\/wp-json\/wp\/v2\/pages"}],"about":[{"href":"https:\/\/wp.ircad.net\/fr\/wp-json\/wp\/v2\/types\/page"}],"author":[{"embeddable":true,"href":"https:\/\/wp.ircad.net\/fr\/wp-json\/wp\/v2\/users\/6"}],"replies":[{"embeddable":true,"href":"https:\/\/wp.ircad.net\/fr\/wp-json\/wp\/v2\/comments?post=42679"}],"version-history":[{"count":3,"href":"https:\/\/wp.ircad.net\/fr\/wp-json\/wp\/v2\/pages\/42679\/revisions"}],"predecessor-version":[{"id":72063,"href":"https:\/\/wp.ircad.net\/fr\/wp-json\/wp\/v2\/pages\/42679\/revisions\/72063"}],"up":[{"embeddable":true,"href":"https:\/\/wp.ircad.net\/fr\/wp-json\/wp\/v2\/pages\/43032"}],"wp:attachment":[{"href":"https:\/\/wp.ircad.net\/fr\/wp-json\/wp\/v2\/media?parent=42679"}],"curies":[{"name":"wp","href":"https:\/\/api.w.org\/{rel}","templated":true}]}}